{"id":30,"date":"2022-01-22T02:06:21","date_gmt":"2022-01-22T05:06:21","guid":{"rendered":"https:\/\/www.segtelc.com\/?page_id=30"},"modified":"2022-02-08T23:40:37","modified_gmt":"2022-02-09T02:40:37","slug":"seguranca-eletronica","status":"publish","type":"page","link":"https:\/\/segtelc.com\/index.php\/seguranca-eletronica\/","title":{"rendered":"SEGURAN\u00c7A ELETR\u00d4NICA"},"content":{"rendered":"\n<section class=\"wp-block-uagb-section uagb-section__wrap uagb-section__background-image uagb-block-3e6c2248\"><div class=\"uagb-section__overlay\"><\/div><div class=\"uagb-section__inner-wrap\">\n<div class=\"wp-block-uagb-info-box uagb-infobox__outer-wrap uagb-block-827354b8\"><div class=\"uagb-infobox__content-wrap uagb-infobox uagb-infobox-has-image uagb-infobox-icon-above-title uagb-infobox-image-valign-top uagb-infobox-enable-border-radius \"><div class=\"uagb-ifb-left-right-wrap\"><div class=\"uagb-ifb-content\"><div class=\"uagb-ifb-image-icon-content uagb-ifb-imgicon-wrap\"><div class=\"uagb-ifb-image\"><div class=\"uagb-ifb-image-content\"><img decoding=\"async\" class=\"uagb-ifb-img-src\" src=\"https:\/\/segtelc.com\/wp-content\/uploads\/2022\/01\/Logo-centro_300_Simples_sem_fundo.png\" alt=\"\"\/><\/div><\/div><\/div><div class=\"uagb-ifb-title-wrap\"><h1 class=\"uagb-ifb-title\">Seguran\u00e7a Eletr\u00f4nica<\/h1><\/div><div class=\"uagb-ifb-text-wrap\"><\/div><\/div><\/div><\/div><\/div>\n\n\n\n<div class=\"wp-block-uagb-info-box uagb-infobox__outer-wrap uagb-block-5ecc90a5\"><div class=\"uagb-infobox__content-wrap uagb-infobox uagb-infobox-has-icon uagb-infobox-icon-above-title uagb-infobox-image-valign-top uagb-infobox-enable-border-radius \"><div class=\"uagb-ifb-left-right-wrap\"><div class=\"uagb-ifb-content\"><div class=\"uagb-ifb-title-wrap\"><h3 class=\"uagb-ifb-title\">A solu\u00e7\u00e3o para aumentar a sua seguran\u00e7a e deixar voc\u00ea mais tranquilo<\/h3><\/div><div class=\"uagb-ifb-text-wrap\"><\/div><\/div><\/div><\/div><\/div>\n<\/div><\/section>\n\n\n\n<section class=\"wp-block-uagb-section uagb-section__wrap uagb-section__background-image uagb-block-c89a4ecc\"><div class=\"uagb-section__overlay\"><\/div><div class=\"uagb-section__inner-wrap\">\n<section class=\"wp-block-uagb-columns uagb-columns__wrap uagb-columns__background-undefined uagb-columns__stack-mobile uagb-columns__valign-undefined uagb-columns__gap-10 alignundefined uagb-block-3a86d012\"><div class=\"uagb-columns__overlay\"><\/div><div class=\"uagb-columns__inner-wrap uagb-columns__columns-2\">\n<div class=\"wp-block-uagb-column uagb-column__wrap uagb-column__background-undefined uagb-block-0b133565\"><div class=\"uagb-column__overlay\"><\/div><div class=\"uagb-column__inner-wrap\">\n<figure class=\"wp-block-image size-full\"><img loading=\"lazy\" decoding=\"async\" width=\"700\" height=\"478\" src=\"https:\/\/segtelc.com\/wp-content\/uploads\/2022\/01\/camera-infravermelho-hdcvi-4mp-vhd-3430-b-g6-condominio.jpg\" alt=\"\" class=\"wp-image-203\" srcset=\"https:\/\/segtelc.com\/wp-content\/uploads\/2022\/01\/camera-infravermelho-hdcvi-4mp-vhd-3430-b-g6-condominio.jpg 700w, https:\/\/segtelc.com\/wp-content\/uploads\/2022\/01\/camera-infravermelho-hdcvi-4mp-vhd-3430-b-g6-condominio-300x205.jpg 300w\" sizes=\"auto, (max-width: 700px) 100vw, 700px\" \/><figcaption>O&nbsp;<strong>Sistema de monitoramento<\/strong>&nbsp;por&nbsp;<strong>c\u00e2meras&nbsp;<\/strong>\u00e9 o mais escolhido pelos que procuram prote\u00e7\u00e3o.<br>Sendo aplic\u00e1vel com c\u00e2meras individuas, c\u00e2meras wifi ou em&nbsp;<strong>CFTV<\/strong>&nbsp;(Circuito Fechado de TV) competente a melhor solu\u00e7\u00e3o que se ad\u00e9que a sua necessidade.<br>Com um aplicativo pr\u00f3prio da Intelbras, voc\u00ea pode ter acesso a tudo que est\u00e1 acontecendo do seu celular e de onde estiver.<br>Voc\u00ea tamb\u00e9m pode adicionar alguns acess\u00f3rios como:<br>O microfone para o CFTV, al\u00e9m de ter uma experi\u00eancia de v\u00eddeo \u00e9 poss\u00edvel captar o \u00e1udio do ambiente com estes novos microfones.<br>A mesa controladora. Controle DVRs e NVRs e opere c\u00fapulas speed de forma muito mais pr\u00e1tica e eficiente com equipamentos de custo acess\u00edvel e alta qualidade.<\/figcaption><\/figure>\n\n\n\n<figure class=\"wp-block-image size-full\"><img loading=\"lazy\" decoding=\"async\" width=\"590\" height=\"360\" src=\"https:\/\/segtelc.com\/wp-content\/uploads\/2022\/01\/Fechadura-Eletrica.jpg\" alt=\"\" class=\"wp-image-205\" srcset=\"https:\/\/segtelc.com\/wp-content\/uploads\/2022\/01\/Fechadura-Eletrica.jpg 590w, https:\/\/segtelc.com\/wp-content\/uploads\/2022\/01\/Fechadura-Eletrica-300x183.jpg 300w\" sizes=\"auto, (max-width: 590px) 100vw, 590px\" \/><figcaption>Trabalhamos com os 4 tipos diferentes de&nbsp;<strong>fechaduras<\/strong>&nbsp;:<br><strong>El\u00e9trica<\/strong>. Seguran\u00e7a com o custo-benef\u00edcio que a solu\u00e7\u00e3o de controle de acesso e interfonia precisa.<br><strong>Eletro\u00edm\u00e3<\/strong>. Como fechaduras-eletro\u00edm\u00e3 sem robustez e durabilidade. Perfeitas para \u00e1reas internas, com alto fluxo de pessoas, condom\u00ednios, empresas e outros integrados.<br><strong>Solen\u00f3ide<\/strong>. Seguran\u00e7a com sofisticado e discreto, e a praticidade de portas que abrem para dentro ou fora do ambiente.<br><strong>Digital<\/strong>. Chega de ficar sem acesso por ter esquecido as chaves. Com as fechaduras digitais, entre com biometria, senha ou tag de proximidade.<\/figcaption><\/figure>\n\n\n\n<figure class=\"wp-block-image size-full\"><img loading=\"lazy\" decoding=\"async\" width=\"590\" height=\"360\" src=\"https:\/\/segtelc.com\/wp-content\/uploads\/2022\/01\/Controle-de-acesso.jpg\" alt=\"\" class=\"wp-image-209\" srcset=\"https:\/\/segtelc.com\/wp-content\/uploads\/2022\/01\/Controle-de-acesso.jpg 590w, https:\/\/segtelc.com\/wp-content\/uploads\/2022\/01\/Controle-de-acesso-300x183.jpg 300w\" sizes=\"auto, (max-width: 590px) 100vw, 590px\" \/><figcaption><strong>Controle de Acesso<\/strong>. Tenha registros detalhados e gerencie todo o fluxo de pessoas e autom\u00f3veis atrav\u00e9s de dispositivos de identifica\u00e7\u00e3o com tecnologia de ponta.<br>Esse sistema pode controlar at\u00e9 10.000 usu\u00e1rios e 1.500 biometrias.<br>\u00c9 indicado para locais de m\u00e9dia a alta circula\u00e7\u00e3o de pessoas, como universidades, institui\u00e7\u00f5es, m\u00e9dias e grandes empresas, entre outros.<br>Compat\u00edvel com fechaduras eletro\u00edm\u00e3, eletromec\u00e2nica, leitores e automatizadores de port\u00e3o.<\/figcaption><\/figure>\n\n\n\n<figure class=\"wp-block-image size-full\"><img loading=\"lazy\" decoding=\"async\" width=\"590\" height=\"360\" src=\"https:\/\/segtelc.com\/wp-content\/uploads\/2022\/01\/reconhecimento-facial-bloco.jpg\" alt=\"\" class=\"wp-image-211\" srcset=\"https:\/\/segtelc.com\/wp-content\/uploads\/2022\/01\/reconhecimento-facial-bloco.jpg 590w, https:\/\/segtelc.com\/wp-content\/uploads\/2022\/01\/reconhecimento-facial-bloco-300x183.jpg 300w\" sizes=\"auto, (max-width: 590px) 100vw, 590px\" \/><figcaption><strong>Reconhecimento facial<\/strong>. Controle de acesso sem contato f\u00edsico, diminuindo o risco de cont\u00e1gio de doen\u00e7as em empresas, universidades e condom\u00ednios. A linha conta ainda com medi\u00e7\u00e3o t\u00e9rmica, reconhecimento de face com m\u00e1scara e a leitura mais r\u00e1pida do mercado, evitando filas e aglomera\u00e7\u00f5es no acesso.<\/figcaption><\/figure>\n<\/div><\/div>\n\n\n\n<div class=\"wp-block-uagb-column uagb-column__wrap uagb-column__background-undefined uagb-block-adf0632c\"><div class=\"uagb-column__overlay\"><\/div><div class=\"uagb-column__inner-wrap\">\n<figure class=\"wp-block-image size-full\"><img loading=\"lazy\" decoding=\"async\" width=\"590\" height=\"360\" src=\"https:\/\/segtelc.com\/wp-content\/uploads\/2022\/01\/Alarmes.jpg\" alt=\"\" class=\"wp-image-204\" srcset=\"https:\/\/segtelc.com\/wp-content\/uploads\/2022\/01\/Alarmes.jpg 590w, https:\/\/segtelc.com\/wp-content\/uploads\/2022\/01\/Alarmes-300x183.jpg 300w\" sizes=\"auto, (max-width: 590px) 100vw, 590px\" \/><figcaption><strong>Central de Alarme<\/strong>. \u00c9 o mais eficaz para impedir que algo aconte\u00e7a.<br>Temos solu\u00e7\u00f5es para a economia, com as centrais n\u00e3o monitoradas, centrais monitor\u00e1veis com acompanhamento em tempo real via aplicativo, com as centrais monitoradas via IP. Abrindo possibilidade para integra\u00e7\u00f5es com empresas de seguran\u00e7a.<br>Como Centrais monitor\u00e1veis de alarme tem comunica\u00e7\u00e3o Ethernet ou Wi-Fi, teclado e sirene sem fios com at\u00e9 16 parti\u00e7\u00f5es, sensor com c\u00e2mera e maior dura\u00e7\u00e3o de bateria do mercado: tudo isso em uma linha completa com tecnologia criptografada e alta performance.<br>Mesmo quando voc\u00ea n\u00e3o estiver no local, voc\u00ea pode ativar ou desativar o funcionamento do sistema. At\u00e9 mesmo reconhecendo quem e quando, algu\u00e9m entrou e saiu do local.<\/figcaption><\/figure>\n\n\n\n<figure class=\"wp-block-image size-full\"><img loading=\"lazy\" decoding=\"async\" width=\"553\" height=\"384\" src=\"https:\/\/segtelc.com\/wp-content\/uploads\/2022\/01\/Atomatizacao-de-Portao.jpg\" alt=\"\" class=\"wp-image-206\" srcset=\"https:\/\/segtelc.com\/wp-content\/uploads\/2022\/01\/Atomatizacao-de-Portao.jpg 553w, https:\/\/segtelc.com\/wp-content\/uploads\/2022\/01\/Atomatizacao-de-Portao-300x208.jpg 300w\" sizes=\"auto, (max-width: 553px) 100vw, 553px\" \/><figcaption><strong>Automa\u00e7\u00e3o de port\u00f5es<\/strong>&nbsp;de estacionamento e Garagem. Com aplica\u00e7\u00f5es vers\u00e1teis para diferentes ambientes, os motores da linha Strat compat\u00edvel com seguran\u00e7a, praticidade e agilidade com \u00f3timo custo-benef\u00edcio.<\/figcaption><\/figure>\n\n\n\n<figure class=\"wp-block-image size-full\"><img loading=\"lazy\" decoding=\"async\" width=\"590\" height=\"360\" src=\"https:\/\/segtelc.com\/wp-content\/uploads\/2022\/01\/intelbras_detectorincendio_sub-acionador_590x360_0.jpg\" alt=\"\" class=\"wp-image-207\" srcset=\"https:\/\/segtelc.com\/wp-content\/uploads\/2022\/01\/intelbras_detectorincendio_sub-acionador_590x360_0.jpg 590w, https:\/\/segtelc.com\/wp-content\/uploads\/2022\/01\/intelbras_detectorincendio_sub-acionador_590x360_0-300x183.jpg 300w\" sizes=\"auto, (max-width: 590px) 100vw, 590px\" \/><figcaption><strong>Alarme de inc\u00eandio<\/strong>. Quando o perigo estiver no ambiente, o acionador avisa antes mesmo do fogo se alastrar.<br>Como gerenciam todo o sistema de detec\u00e7\u00e3o e alarme de inc\u00eandio. Por meio dos modelos endere\u00e7\u00e1veis, descubra o ponto exato do fogo, e, atrav\u00e9s dos convencionais, conhe\u00e7a as zonas onde o sinistro ocorreu.<br>Detectores de fuma\u00e7a captam a varia\u00e7\u00e3o de temperatura ou presen\u00e7a de fuma\u00e7a.<\/figcaption><\/figure>\n\n\n\n<figure class=\"wp-block-image size-full\"><img loading=\"lazy\" decoding=\"async\" width=\"590\" height=\"360\" src=\"https:\/\/segtelc.com\/wp-content\/uploads\/2022\/01\/Cerca-Eletrica-1.jpg\" alt=\"\" class=\"wp-image-210\" srcset=\"https:\/\/segtelc.com\/wp-content\/uploads\/2022\/01\/Cerca-Eletrica-1.jpg 590w, https:\/\/segtelc.com\/wp-content\/uploads\/2022\/01\/Cerca-Eletrica-1-300x183.jpg 300w\" sizes=\"auto, (max-width: 590px) 100vw, 590px\" \/><figcaption><strong>Cerca El\u00e9trica<\/strong>. Ideal para prote\u00e7\u00e3o de per\u00edmetros, Pode ser integrado ao sistema de alarme e acompanhado pelo aplicativo, em tempo real.<\/figcaption><\/figure>\n<\/div><\/div>\n<\/div><\/section>\n<\/div><\/section>\n\n\n\n<section class=\"wp-block-uagb-section uagb-section__wrap uagb-section__background-color uagb-block-b5dfc7b8\"><div class=\"uagb-section__overlay\"><\/div><div class=\"uagb-section__inner-wrap\">\n<div class=\"wp-block-uagb-buttons uagb-buttons__outer-wrap uagb-block-abe465bc\"><div class=\"uagb-buttons__wrap uagb-buttons-layout-wrap\">\n<div class=\"wp-block-uagb-buttons-child uagb-buttons__outer-wrap uagb-block-73edd6ea wp-block-button\"><div class=\"uagb-button__wrapper\"><a class=\"uagb-buttons-repeater wp-block-button__link\" href=\"https:\/\/segtelc.com\/index.php\/perguntas-frequentes\/\" rel=\"noopener noreferrer\" target=\"_self\"><div class=\"uagb-button__link\">PERGUNTAS FREQUENTES<\/div><\/a><\/div><\/div>\n\n\n\n<div class=\"wp-block-uagb-buttons-child uagb-buttons__outer-wrap uagb-block-7a979191 wp-block-button\"><div class=\"uagb-button__wrapper\"><a class=\"uagb-buttons-repeater wp-block-button__link\" href=\"https:\/\/segtelc.com\/index.php\/email\/\" rel=\"noopener noreferrer\" target=\"_self\"><div class=\"uagb-button__link\">PE\u00c7A UMA SIMULA\u00c7\u00c3O<\/div><\/a><\/div><\/div>\n<\/div><\/div>\n<\/div><\/section>\n\n\n\n<section class=\"wp-block-uagb-section uagb-section__wrap uagb-section__background-color uagb-block-8484143c\"><div class=\"uagb-section__overlay\"><\/div><div class=\"uagb-section__inner-wrap\">\n<section class=\"wp-block-uagb-columns uagb-columns__wrap uagb-columns__background-none uagb-columns__stack-mobile uagb-columns__valign- uagb-columns__gap-10 align uagb-block-6e1ed731 uagb-columns__columns-2 uagb-columns__max_width-theme\"><div class=\"uagb-columns__overlay\"><\/div><div class=\"uagb-columns__inner-wrap uagb-columns__columns-2\">\n<div class=\"wp-block-uagb-column uagb-column__wrap uagb-column__background-undefined uagb-block-53123754\"><div class=\"uagb-column__overlay\"><\/div>\n<h4 class=\"has-text-align-center wp-block-heading\"><strong>Fale conosco<\/strong><\/h4>\n\n\n\n<p class=\"has-text-align-center has-medium-font-size\"><a href=\"mailto:atendimento@segtelc.com\" data-type=\"mailto\" data-id=\"mailto:atendimento@segtelc.com\">atendimento@segtelc.com<\/a><\/p>\n\n\n\n<p class=\"has-text-align-center has-medium-font-size\"><a href=\"https:\/\/www.google.com.br\/maps\/place\/R.+da+Galil%C3%A9ia+de+Cima,+166+-+Roma,+Salvador+-+BA,+40444-300\/@-12.9368575,-38.5033932,19z\/data=!3m1!4b1!4m5!3m4!1s0x71605432db9ae55:0xd3241e0d9f5e0390!8m2!3d-12.9368575!4d-38.502846?hl=pt-PT\" data-type=\"URL\" data-id=\"https:\/\/www.google.com.br\/maps\/place\/R.+da+Galil%C3%A9ia+de+Cima,+166+-+Roma,+Salvador+-+BA,+40444-300\/@-12.9368575,-38.5033932,19z\/data=!3m1!4b1!4m5!3m4!1s0x71605432db9ae55:0xd3241e0d9f5e0390!8m2!3d-12.9368575!4d-38.502846?hl=pt-PT\">Rua da Galil\u00e9ia de Cima, 166, Roma, Salvador-BA. 1\u00ba Andar.<\/a><\/p>\n\n\n\n<p><\/p>\n<\/div>\n\n\n\n<div class=\"wp-block-uagb-column uagb-column__wrap uagb-column__background-undefined uagb-block-cce50d12\"><div class=\"uagb-column__overlay\"><\/div>\n<h4 class=\"has-text-align-center wp-block-heading\"><strong>Contato para Vendas<\/strong><\/h4>\n\n\n\n<div class=\"wp-block-uagb-icon-list uagb-block-d7d68561 uagb-icon-list__outer-wrap uagb-icon-list__layout-vertical\"><div class=\"uagb-icon-list__wrap\">\n<div class=\"wp-block-uagb-icon-list-child uagb-block-2209d036 uagb-icon-list-repeater uagb-icon-list__wrapper\"><a target=\"_blank\" aria-label=\"(71) 9 8433-1039\" rel=\"noopener noreferrer\" href=\"https:\/\/api.whatsapp.com\/send?phone=https:\/\/api.whatsapp.com\/send?phone=5571984331039\"> <\/a><span class=\"uagb-icon-list__source-wrap\"><svg xmlns=\"https:\/\/www.w3.org\/2000\/svg\" viewBox=\"0 0 448 512\"><path d=\"M380.9 97.1C339 55.1 283.2 32 223.9 32c-122.4 0-222 99.6-222 222 0 39.1 10.2 77.3 29.6 111L0 480l117.7-30.9c32.4 17.7 68.9 27 106.1 27h.1c122.3 0 224.1-99.6 224.1-222 0-59.3-25.2-115-67.1-157zm-157 341.6c-33.2 0-65.7-8.9-94-25.7l-6.7-4-69.8 18.3L72 359.2l-4.4-7c-18.5-29.4-28.2-63.3-28.2-98.2 0-101.7 82.8-184.5 184.6-184.5 49.3 0 95.6 19.2 130.4 54.1 34.8 34.9 56.2 81.2 56.1 130.5 0 101.8-84.9 184.6-186.6 184.6zm101.2-138.2c-5.5-2.8-32.8-16.2-37.9-18-5.1-1.9-8.8-2.8-12.5 2.8-3.7 5.6-14.3 18-17.6 21.8-3.2 3.7-6.5 4.2-12 1.4-32.6-16.3-54-29.1-75.5-66-5.7-9.8 5.7-9.1 16.3-30.3 1.8-3.7 .9-6.9-.5-9.7-1.4-2.8-12.5-30.1-17.1-41.2-4.5-10.8-9.1-9.3-12.5-9.5-3.2-.2-6.9-.2-10.6-.2-3.7 0-9.7 1.4-14.8 6.9-5.1 5.6-19.4 19-19.4 46.3 0 27.3 19.9 53.7 22.6 57.4 2.8 3.7 39.1 59.7 94.8 83.8 35.2 15.2 49 16.5 66.6 13.9 10.7-1.6 32.8-13.4 37.4-26.4 4.6-13 4.6-24.1 3.2-26.4-1.3-2.5-5-3.9-10.5-6.6z\"><\/path><\/svg><\/span><span class=\"uagb-icon-list__label\">(71) 9 8433-1039<\/span><\/div>\n<\/div><\/div>\n\n\n\n<section class=\"wp-block-uagb-section uagb-section__wrap uagb-section__background-undefined uagb-block-986bf703\"><div class=\"uagb-section__overlay\"><\/div><div class=\"uagb-section__inner-wrap\"><\/div><\/section>\n\n\n\n<p class=\"has-text-align-center has-medium-font-size\"><a href=\"mailto:vendas@segtelc.com\" data-type=\"mailto\" data-id=\"mailto:vendas@segtelc.com\">vendas@segtelc.com.br<\/a><\/p>\n<\/div>\n<\/div><\/section>\n<\/div><\/section>\n","protected":false},"excerpt":{"rendered":"","protected":false},"author":1,"featured_media":0,"parent":0,"menu_order":0,"comment_status":"closed","ping_status":"closed","template":"","meta":{"_uag_custom_page_level_css":"","_monsterinsights_skip_tracking":false,"_monsterinsights_sitenote_active":false,"_monsterinsights_sitenote_note":"","_monsterinsights_sitenote_category":0,"site-sidebar-layout":"default","site-content-layout":"","ast-site-content-layout":"default","site-content-style":"default","site-sidebar-style":"default","ast-global-header-display":"","ast-banner-title-visibility":"","ast-main-header-display":"","ast-hfb-above-header-display":"","ast-hfb-below-header-display":"","ast-hfb-mobile-header-display":"","site-post-title":"disabled","ast-breadcrumbs-content":"","ast-featured-img":"","footer-sml-layout":"disabled","ast-disable-related-posts":"","theme-transparent-header-meta":"","adv-header-id-meta":"","stick-header-meta":"","header-above-stick-meta":"","header-main-stick-meta":"","header-below-stick-meta":"","astra-migrate-meta-layouts":"default","ast-page-background-enabled":"default","ast-page-background-meta":{"desktop":{"background-color":"var(--ast-global-color-4)","background-image":"","background-repeat":"repeat","background-position":"center center","background-size":"auto","background-attachment":"scroll","background-type":"","background-media":"","overlay-type":"","overlay-color":"","overlay-opacity":"","overlay-gradient":""},"tablet":{"background-color":"","background-image":"","background-repeat":"repeat","background-position":"center center","background-size":"auto","background-attachment":"scroll","background-type":"","background-media":"","overlay-type":"","overlay-color":"","overlay-opacity":"","overlay-gradient":""},"mobile":{"background-color":"","background-image":"","background-repeat":"repeat","background-position":"center center","background-size":"auto","background-attachment":"scroll","background-type":"","background-media":"","overlay-type":"","overlay-color":"","overlay-opacity":"","overlay-gradient":""}},"ast-content-background-meta":{"desktop":{"background-color":"var(--ast-global-color-5)","background-image":"","background-repeat":"repeat","background-position":"center center","background-size":"auto","background-attachment":"scroll","background-type":"","background-media":"","overlay-type":"","overlay-color":"","overlay-opacity":"","overlay-gradient":""},"tablet":{"background-color":"var(--ast-global-color-5)","background-image":"","background-repeat":"repeat","background-position":"center center","background-size":"auto","background-attachment":"scroll","background-type":"","background-media":"","overlay-type":"","overlay-color":"","overlay-opacity":"","overlay-gradient":""},"mobile":{"background-color":"var(--ast-global-color-5)","background-image":"","background-repeat":"repeat","background-position":"center center","background-size":"auto","background-attachment":"scroll","background-type":"","background-media":"","overlay-type":"","overlay-color":"","overlay-opacity":"","overlay-gradient":""}},"footnotes":""},"class_list":["post-30","page","type-page","status-publish","hentry"],"uagb_featured_image_src":{"full":false,"thumbnail":false,"medium":false,"medium_large":false,"large":false,"1536x1536":false,"2048x2048":false},"uagb_author_info":{"display_name":"imassis86","author_link":"https:\/\/segtelc.com\/index.php\/author\/imassis86\/"},"uagb_comment_info":0,"uagb_excerpt":null,"_links":{"self":[{"href":"https:\/\/segtelc.com\/index.php\/wp-json\/wp\/v2\/pages\/30","targetHints":{"allow":["GET"]}}],"collection":[{"href":"https:\/\/segtelc.com\/index.php\/wp-json\/wp\/v2\/pages"}],"about":[{"href":"https:\/\/segtelc.com\/index.php\/wp-json\/wp\/v2\/types\/page"}],"author":[{"embeddable":true,"href":"https:\/\/segtelc.com\/index.php\/wp-json\/wp\/v2\/users\/1"}],"replies":[{"embeddable":true,"href":"https:\/\/segtelc.com\/index.php\/wp-json\/wp\/v2\/comments?post=30"}],"version-history":[{"count":16,"href":"https:\/\/segtelc.com\/index.php\/wp-json\/wp\/v2\/pages\/30\/revisions"}],"predecessor-version":[{"id":475,"href":"https:\/\/segtelc.com\/index.php\/wp-json\/wp\/v2\/pages\/30\/revisions\/475"}],"wp:attachment":[{"href":"https:\/\/segtelc.com\/index.php\/wp-json\/wp\/v2\/media?parent=30"}],"curies":[{"name":"wp","href":"https:\/\/api.w.org\/{rel}","templated":true}]}}