{"id":34,"date":"2022-01-22T02:07:13","date_gmt":"2022-01-22T05:07:13","guid":{"rendered":"https:\/\/www.segtelc.com\/?page_id=34"},"modified":"2022-02-08T23:48:42","modified_gmt":"2022-02-09T02:48:42","slug":"interfonia","status":"publish","type":"page","link":"https:\/\/segtelc.com\/index.php\/interfonia\/","title":{"rendered":"INTERFONIA"},"content":{"rendered":"\n<section class=\"wp-block-uagb-section uagb-section__wrap uagb-section__background-image uagb-block-0ee1ad24\"><div class=\"uagb-section__overlay\"><\/div><div class=\"uagb-section__inner-wrap\">\n<div class=\"wp-block-uagb-info-box uagb-infobox__outer-wrap uagb-block-6319272d\"><div class=\"uagb-infobox__content-wrap uagb-infobox uagb-infobox-has-image uagb-infobox-icon-above-title uagb-infobox-image-valign-top uagb-infobox-enable-border-radius \"><div class=\"uagb-ifb-left-right-wrap\"><div class=\"uagb-ifb-content\"><div class=\"uagb-ifb-image-icon-content uagb-ifb-imgicon-wrap\"><div class=\"uagb-ifb-image\"><div class=\"uagb-ifb-image-content\"><img decoding=\"async\" class=\"uagb-ifb-img-src\" src=\"https:\/\/segtelc.com\/wp-content\/uploads\/2022\/01\/Logo-centro_300_Simples_sem_fundo.png\" alt=\"\"\/><\/div><\/div><\/div><div class=\"uagb-ifb-title-wrap\"><h1 class=\"uagb-ifb-title\">Interfonia<\/h1><\/div><div class=\"uagb-ifb-text-wrap\"><\/div><\/div><\/div><\/div><\/div>\n\n\n\n<div class=\"wp-block-uagb-info-box uagb-infobox__outer-wrap uagb-block-e1e26529\"><div class=\"uagb-infobox__content-wrap uagb-infobox uagb-infobox-has-icon uagb-infobox-icon-above-title uagb-infobox-image-valign-top uagb-infobox-enable-border-radius \"><div class=\"uagb-ifb-left-right-wrap\"><div class=\"uagb-ifb-content\"><div class=\"uagb-ifb-title-wrap\"><h3 class=\"uagb-ifb-title\">Conforto e Seguran\u00e7a que abrem portas<\/h3><\/div><div class=\"uagb-ifb-text-wrap\"><\/div><\/div><\/div><\/div><\/div>\n<\/div><\/section>\n\n\n\n<section class=\"wp-block-uagb-section uagb-section__wrap uagb-section__background-image uagb-block-c201eb4b\"><div class=\"uagb-section__overlay\"><\/div><div class=\"uagb-section__inner-wrap\">\n<section class=\"wp-block-uagb-columns uagb-columns__wrap uagb-columns__background-undefined uagb-columns__stack-mobile uagb-columns__valign-undefined uagb-columns__gap-10 alignundefined uagb-block-f08cdc3c\"><div class=\"uagb-columns__overlay\"><\/div><div class=\"uagb-columns__inner-wrap uagb-columns__columns-2\">\n<div class=\"wp-block-uagb-column uagb-column__wrap uagb-column__background-undefined uagb-block-0426e442\"><div class=\"uagb-column__overlay\"><\/div><div class=\"uagb-column__inner-wrap\">\n<figure class=\"wp-block-image size-full\"><img loading=\"lazy\" decoding=\"async\" width=\"590\" height=\"360\" src=\"https:\/\/segtelc.com\/wp-content\/uploads\/2022\/01\/Porteiros-eletronicos.jpg\" alt=\"\" class=\"wp-image-240\" srcset=\"https:\/\/segtelc.com\/wp-content\/uploads\/2022\/01\/Porteiros-eletronicos.jpg 590w, https:\/\/segtelc.com\/wp-content\/uploads\/2022\/01\/Porteiros-eletronicos-300x183.jpg 300w\" sizes=\"auto, (max-width: 590px) 100vw, 590px\" \/><figcaption>Os&nbsp;<strong>porteiros eletr\u00f4nicos<\/strong>, permitem a comunica\u00e7\u00e3o com o apartamento, ou com uma empresa de portaria remota sem perder a qualidade do \u00e1udio nem rapidez na transmiss\u00e3o.<br>Alguns porteiros possuem a tecnologias do leitor RFID, acesso por senha, fun\u00e7\u00e3o intertravamento e muito mais.<br>Sempre oferecendo qualidade e seguran\u00e7a para voc\u00ea<\/figcaption><\/figure>\n\n\n\n<figure class=\"wp-block-image size-full\"><img loading=\"lazy\" decoding=\"async\" width=\"590\" height=\"360\" src=\"https:\/\/segtelc.com\/wp-content\/uploads\/2022\/01\/Interface-celular-com-tabela-de-numeracao-flexivel_590x360px.jpg\" alt=\"\" class=\"wp-image-242\" srcset=\"https:\/\/segtelc.com\/wp-content\/uploads\/2022\/01\/Interface-celular-com-tabela-de-numeracao-flexivel_590x360px.jpg 590w, https:\/\/segtelc.com\/wp-content\/uploads\/2022\/01\/Interface-celular-com-tabela-de-numeracao-flexivel_590x360px-300x183.jpg 300w\" sizes=\"auto, (max-width: 590px) 100vw, 590px\" \/><figcaption>Atenda suas visitas de onde estiver atrav\u00e9s do smartphone.<\/figcaption><\/figure>\n<\/div><\/div>\n\n\n\n<div class=\"wp-block-uagb-column uagb-column__wrap uagb-column__background-undefined uagb-block-8d8fc523\"><div class=\"uagb-column__overlay\"><\/div><div class=\"uagb-column__inner-wrap\">\n<figure class=\"wp-block-image size-full\"><img loading=\"lazy\" decoding=\"async\" width=\"590\" height=\"360\" src=\"https:\/\/segtelc.com\/wp-content\/uploads\/2022\/01\/intelbras_comcondominial_sub-centrais_590x360_C.jpg\" alt=\"\" class=\"wp-image-241\" srcset=\"https:\/\/segtelc.com\/wp-content\/uploads\/2022\/01\/intelbras_comcondominial_sub-centrais_590x360_C.jpg 590w, https:\/\/segtelc.com\/wp-content\/uploads\/2022\/01\/intelbras_comcondominial_sub-centrais_590x360_C-300x183.jpg 300w\" sizes=\"auto, (max-width: 590px) 100vw, 590px\" \/><figcaption>As Centrais de portaria oferecem algumas facilidades, por exemplo, a comunica\u00e7\u00e3o direta entre apartamentos incluindo o porteiro eletr\u00f4nico na rua, identifica\u00e7\u00e3o do ramal do apartamento, pega-trote, transfer\u00eancia de chamadas, siga-me, n\u00e3o perturbe, entre outros recursos. Esses recursos dependem da central escolhida.<\/figcaption><\/figure>\n\n\n\n<figure class=\"wp-block-image size-full\"><img loading=\"lazy\" decoding=\"async\" width=\"300\" height=\"208\" src=\"https:\/\/segtelc.com\/wp-content\/uploads\/2022\/01\/Interfonia.png\" alt=\"\" class=\"wp-image-243\"\/><figcaption>M\u00f3dulo interno para videoporteiro. Al\u00e9m do interfone, conte com a seguran\u00e7a extra de poder visualizar<br>quem est\u00e1 na porta da sua casa ou empresa. Esse sistema pode abrir at\u00e9 2 fechaduras (Port\u00e3o de estacionamento<br>e o de visita) al\u00e9m de possibilitar a visualiza\u00e7\u00e3o de uma c\u00e2mera extra.<\/figcaption><\/figure>\n<\/div><\/div>\n<\/div><\/section>\n<\/div><\/section>\n\n\n\n<section class=\"wp-block-uagb-section uagb-section__wrap uagb-section__background-color uagb-block-a8f131a2\"><div class=\"uagb-section__overlay\"><\/div><div class=\"uagb-section__inner-wrap\">\n<div class=\"wp-block-uagb-buttons uagb-buttons__outer-wrap uagb-block-7afbb81d\"><div class=\"uagb-buttons__wrap uagb-buttons-layout-wrap\">\n<div class=\"wp-block-uagb-buttons-child uagb-buttons__outer-wrap uagb-block-8f4dd1af wp-block-button\"><div class=\"uagb-button__wrapper\"><a class=\"uagb-buttons-repeater wp-block-button__link\" href=\"https:\/\/segtelc.com\/index.php\/perguntas-frequentes\/\" rel=\"noopener noreferrer\" target=\"_self\"><div class=\"uagb-button__link\">PERGUNTAS FREQUENTES<\/div><\/a><\/div><\/div>\n\n\n\n<div class=\"wp-block-uagb-buttons-child uagb-buttons__outer-wrap uagb-block-3b6de869 wp-block-button\"><div class=\"uagb-button__wrapper\"><a class=\"uagb-buttons-repeater wp-block-button__link\" href=\"https:\/\/segtelc.com\/index.php\/email\/\" rel=\"noopener noreferrer\" target=\"_self\"><div class=\"uagb-button__link\">PE\u00c7A UMA SIMULA\u00c7\u00c3O<\/div><\/a><\/div><\/div>\n<\/div><\/div>\n<\/div><\/section>\n\n\n\n<section class=\"wp-block-uagb-section uagb-section__wrap uagb-section__background-color uagb-block-8484143c\"><div class=\"uagb-section__overlay\"><\/div><div class=\"uagb-section__inner-wrap\">\n<section class=\"wp-block-uagb-columns uagb-columns__wrap uagb-columns__background-none uagb-columns__stack-mobile uagb-columns__valign- uagb-columns__gap-10 align uagb-block-6e1ed731 uagb-columns__columns-2 uagb-columns__max_width-theme\"><div class=\"uagb-columns__overlay\"><\/div><div class=\"uagb-columns__inner-wrap uagb-columns__columns-2\">\n<div class=\"wp-block-uagb-column uagb-column__wrap uagb-column__background-undefined uagb-block-53123754\"><div class=\"uagb-column__overlay\"><\/div>\n<h4 class=\"has-text-align-center wp-block-heading\"><strong>Fale conosco<\/strong><\/h4>\n\n\n\n<p class=\"has-text-align-center has-medium-font-size\"><a href=\"mailto:atendimento@segtelc.com\" data-type=\"mailto\" data-id=\"mailto:atendimento@segtelc.com\">atendimento@segtelc.com<\/a><\/p>\n\n\n\n<p class=\"has-text-align-center has-medium-font-size\"><a href=\"https:\/\/www.google.com.br\/maps\/place\/R.+da+Galil%C3%A9ia+de+Cima,+166+-+Roma,+Salvador+-+BA,+40444-300\/@-12.9368575,-38.5033932,19z\/data=!3m1!4b1!4m5!3m4!1s0x71605432db9ae55:0xd3241e0d9f5e0390!8m2!3d-12.9368575!4d-38.502846?hl=pt-PT\" data-type=\"URL\" data-id=\"https:\/\/www.google.com.br\/maps\/place\/R.+da+Galil%C3%A9ia+de+Cima,+166+-+Roma,+Salvador+-+BA,+40444-300\/@-12.9368575,-38.5033932,19z\/data=!3m1!4b1!4m5!3m4!1s0x71605432db9ae55:0xd3241e0d9f5e0390!8m2!3d-12.9368575!4d-38.502846?hl=pt-PT\">Rua da Galil\u00e9ia de Cima, 166, Roma, Salvador-BA. 1\u00ba Andar.<\/a><\/p>\n\n\n\n<p><\/p>\n<\/div>\n\n\n\n<div class=\"wp-block-uagb-column uagb-column__wrap uagb-column__background-undefined uagb-block-cce50d12\"><div class=\"uagb-column__overlay\"><\/div>\n<h4 class=\"has-text-align-center wp-block-heading\"><strong>Contato para Vendas<\/strong><\/h4>\n\n\n\n<div class=\"wp-block-uagb-icon-list uagb-block-d7d68561 uagb-icon-list__outer-wrap uagb-icon-list__layout-vertical\"><div class=\"uagb-icon-list__wrap\">\n<div class=\"wp-block-uagb-icon-list-child uagb-block-2209d036 uagb-icon-list-repeater uagb-icon-list__wrapper\"><a target=\"_blank\" aria-label=\"(71) 9 8433-1039\" rel=\"noopener noreferrer\" href=\"https:\/\/api.whatsapp.com\/send?phone=https:\/\/api.whatsapp.com\/send?phone=5571984331039\"> <\/a><span class=\"uagb-icon-list__source-wrap\"><svg xmlns=\"https:\/\/www.w3.org\/2000\/svg\" viewBox=\"0 0 448 512\"><path d=\"M380.9 97.1C339 55.1 283.2 32 223.9 32c-122.4 0-222 99.6-222 222 0 39.1 10.2 77.3 29.6 111L0 480l117.7-30.9c32.4 17.7 68.9 27 106.1 27h.1c122.3 0 224.1-99.6 224.1-222 0-59.3-25.2-115-67.1-157zm-157 341.6c-33.2 0-65.7-8.9-94-25.7l-6.7-4-69.8 18.3L72 359.2l-4.4-7c-18.5-29.4-28.2-63.3-28.2-98.2 0-101.7 82.8-184.5 184.6-184.5 49.3 0 95.6 19.2 130.4 54.1 34.8 34.9 56.2 81.2 56.1 130.5 0 101.8-84.9 184.6-186.6 184.6zm101.2-138.2c-5.5-2.8-32.8-16.2-37.9-18-5.1-1.9-8.8-2.8-12.5 2.8-3.7 5.6-14.3 18-17.6 21.8-3.2 3.7-6.5 4.2-12 1.4-32.6-16.3-54-29.1-75.5-66-5.7-9.8 5.7-9.1 16.3-30.3 1.8-3.7 .9-6.9-.5-9.7-1.4-2.8-12.5-30.1-17.1-41.2-4.5-10.8-9.1-9.3-12.5-9.5-3.2-.2-6.9-.2-10.6-.2-3.7 0-9.7 1.4-14.8 6.9-5.1 5.6-19.4 19-19.4 46.3 0 27.3 19.9 53.7 22.6 57.4 2.8 3.7 39.1 59.7 94.8 83.8 35.2 15.2 49 16.5 66.6 13.9 10.7-1.6 32.8-13.4 37.4-26.4 4.6-13 4.6-24.1 3.2-26.4-1.3-2.5-5-3.9-10.5-6.6z\"><\/path><\/svg><\/span><span class=\"uagb-icon-list__label\">(71) 9 8433-1039<\/span><\/div>\n<\/div><\/div>\n\n\n\n<section class=\"wp-block-uagb-section uagb-section__wrap uagb-section__background-undefined uagb-block-986bf703\"><div class=\"uagb-section__overlay\"><\/div><div class=\"uagb-section__inner-wrap\"><\/div><\/section>\n\n\n\n<p class=\"has-text-align-center has-medium-font-size\"><a href=\"mailto:vendas@segtelc.com\" data-type=\"mailto\" data-id=\"mailto:vendas@segtelc.com\">vendas@segtelc.com.br<\/a><\/p>\n<\/div>\n<\/div><\/section>\n<\/div><\/section>\n","protected":false},"excerpt":{"rendered":"","protected":false},"author":1,"featured_media":0,"parent":0,"menu_order":0,"comment_status":"closed","ping_status":"closed","template":"","meta":{"_uag_custom_page_level_css":"","_monsterinsights_skip_tracking":false,"_monsterinsights_sitenote_active":false,"_monsterinsights_sitenote_note":"","_monsterinsights_sitenote_category":0,"site-sidebar-layout":"default","site-content-layout":"","ast-site-content-layout":"default","site-content-style":"default","site-sidebar-style":"default","ast-global-header-display":"","ast-banner-title-visibility":"","ast-main-header-display":"","ast-hfb-above-header-display":"","ast-hfb-below-header-display":"","ast-hfb-mobile-header-display":"","site-post-title":"disabled","ast-breadcrumbs-content":"","ast-featured-img":"","footer-sml-layout":"disabled","ast-disable-related-posts":"","theme-transparent-header-meta":"","adv-header-id-meta":"","stick-header-meta":"","header-above-stick-meta":"","header-main-stick-meta":"","header-below-stick-meta":"","astra-migrate-meta-layouts":"default","ast-page-background-enabled":"default","ast-page-background-meta":{"desktop":{"background-color":"var(--ast-global-color-4)","background-image":"","background-repeat":"repeat","background-position":"center center","background-size":"auto","background-attachment":"scroll","background-type":"","background-media":"","overlay-type":"","overlay-color":"","overlay-opacity":"","overlay-gradient":""},"tablet":{"background-color":"","background-image":"","background-repeat":"repeat","background-position":"center center","background-size":"auto","background-attachment":"scroll","background-type":"","background-media":"","overlay-type":"","overlay-color":"","overlay-opacity":"","overlay-gradient":""},"mobile":{"background-color":"","background-image":"","background-repeat":"repeat","background-position":"center center","background-size":"auto","background-attachment":"scroll","background-type":"","background-media":"","overlay-type":"","overlay-color":"","overlay-opacity":"","overlay-gradient":""}},"ast-content-background-meta":{"desktop":{"background-color":"var(--ast-global-color-5)","background-image":"","background-repeat":"repeat","background-position":"center center","background-size":"auto","background-attachment":"scroll","background-type":"","background-media":"","overlay-type":"","overlay-color":"","overlay-opacity":"","overlay-gradient":""},"tablet":{"background-color":"var(--ast-global-color-5)","background-image":"","background-repeat":"repeat","background-position":"center center","background-size":"auto","background-attachment":"scroll","background-type":"","background-media":"","overlay-type":"","overlay-color":"","overlay-opacity":"","overlay-gradient":""},"mobile":{"background-color":"var(--ast-global-color-5)","background-image":"","background-repeat":"repeat","background-position":"center center","background-size":"auto","background-attachment":"scroll","background-type":"","background-media":"","overlay-type":"","overlay-color":"","overlay-opacity":"","overlay-gradient":""}},"footnotes":""},"class_list":["post-34","page","type-page","status-publish","hentry"],"uagb_featured_image_src":{"full":false,"thumbnail":false,"medium":false,"medium_large":false,"large":false,"1536x1536":false,"2048x2048":false},"uagb_author_info":{"display_name":"imassis86","author_link":"https:\/\/segtelc.com\/index.php\/author\/imassis86\/"},"uagb_comment_info":0,"uagb_excerpt":null,"_links":{"self":[{"href":"https:\/\/segtelc.com\/index.php\/wp-json\/wp\/v2\/pages\/34","targetHints":{"allow":["GET"]}}],"collection":[{"href":"https:\/\/segtelc.com\/index.php\/wp-json\/wp\/v2\/pages"}],"about":[{"href":"https:\/\/segtelc.com\/index.php\/wp-json\/wp\/v2\/types\/page"}],"author":[{"embeddable":true,"href":"https:\/\/segtelc.com\/index.php\/wp-json\/wp\/v2\/users\/1"}],"replies":[{"embeddable":true,"href":"https:\/\/segtelc.com\/index.php\/wp-json\/wp\/v2\/comments?post=34"}],"version-history":[{"count":15,"href":"https:\/\/segtelc.com\/index.php\/wp-json\/wp\/v2\/pages\/34\/revisions"}],"predecessor-version":[{"id":447,"href":"https:\/\/segtelc.com\/index.php\/wp-json\/wp\/v2\/pages\/34\/revisions\/447"}],"wp:attachment":[{"href":"https:\/\/segtelc.com\/index.php\/wp-json\/wp\/v2\/media?parent=34"}],"curies":[{"name":"wp","href":"https:\/\/api.w.org\/{rel}","templated":true}]}}